{"id":87,"date":"2024-01-27T23:58:09","date_gmt":"2024-01-27T22:58:09","guid":{"rendered":"http:\/\/veggstudio.no\/?post_type=product&#038;p=87"},"modified":"2024-01-28T00:05:44","modified_gmt":"2024-01-27T23:05:44","slug":"lupanka-poziomo","status":"publish","type":"product","link":"https:\/\/veggstudio.no\/?product=lupanka-poziomo","title":{"rendered":"\u0141upanka poziomo"},"content":{"rendered":"<p><img fetchpriority=\"high\" decoding=\"async\" class=\"alignnone size-medium wp-image-90\" src=\"http:\/\/veggstudio.no\/wp-content\/uploads\/2024\/01\/12af19dd8de3c43dcc403caffee11761-185x300.jpg\" alt=\"\" width=\"185\" height=\"300\" srcset=\"https:\/\/veggstudio.no\/wp-content\/uploads\/2024\/01\/12af19dd8de3c43dcc403caffee11761-185x300.jpg 185w, https:\/\/veggstudio.no\/wp-content\/uploads\/2024\/01\/12af19dd8de3c43dcc403caffee11761.jpg 493w\" sizes=\"(max-width: 185px) 100vw, 185px\" \/><img decoding=\"async\" class=\"alignnone size-medium wp-image-88\" src=\"http:\/\/veggstudio.no\/wp-content\/uploads\/2024\/01\/785400eb660ef021de3a678058f8a2be-1-225x300.jpg\" alt=\"\" width=\"225\" height=\"300\" srcset=\"https:\/\/veggstudio.no\/wp-content\/uploads\/2024\/01\/785400eb660ef021de3a678058f8a2be-1-225x300.jpg 225w, https:\/\/veggstudio.no\/wp-content\/uploads\/2024\/01\/785400eb660ef021de3a678058f8a2be-1-500x666.jpg 500w, https:\/\/veggstudio.no\/wp-content\/uploads\/2024\/01\/785400eb660ef021de3a678058f8a2be-1.jpg 564w\" sizes=\"(max-width: 225px) 100vw, 225px\" \/><img decoding=\"async\" class=\"alignnone size-medium wp-image-89\" src=\"http:\/\/veggstudio.no\/wp-content\/uploads\/2024\/01\/5d20898863b6740535120eebe518b510-225x300.jpg\" alt=\"\" width=\"225\" height=\"300\" srcset=\"https:\/\/veggstudio.no\/wp-content\/uploads\/2024\/01\/5d20898863b6740535120eebe518b510-225x300.jpg 225w, https:\/\/veggstudio.no\/wp-content\/uploads\/2024\/01\/5d20898863b6740535120eebe518b510.jpg 564w\" sizes=\"(max-width: 225px) 100vw, 225px\" \/><\/p>\n","protected":false},"excerpt":{"rendered":"<p>Wybierz wariant produktu lub skontaktuj si\u0119 z dzia\u0142em obs\u0142ugi klienta.<\/p>\n","protected":false},"featured_media":88,"comment_status":"open","ping_status":"closed","template":"","meta":[],"product_cat":[19],"product_tag":[],"class_list":{"0":"post-87","1":"product","2":"type-product","3":"status-publish","4":"has-post-thumbnail","6":"product_cat-panele","8":"first","9":"instock","10":"shipping-taxable","11":"purchasable","12":"product-type-variable","13":"has-default-attributes"},"jetpack_sharing_enabled":true,"_links":{"self":[{"href":"https:\/\/veggstudio.no\/index.php?rest_route=\/wp\/v2\/product\/87","targetHints":{"allow":["GET"]}}],"collection":[{"href":"https:\/\/veggstudio.no\/index.php?rest_route=\/wp\/v2\/product"}],"about":[{"href":"https:\/\/veggstudio.no\/index.php?rest_route=\/wp\/v2\/types\/product"}],"replies":[{"embeddable":true,"href":"https:\/\/veggstudio.no\/index.php?rest_route=%2Fwp%2Fv2%2Fcomments&post=87"}],"version-history":[{"count":0,"href":"https:\/\/veggstudio.no\/index.php?rest_route=\/wp\/v2\/product\/87\/revisions"}],"wp:featuredmedia":[{"embeddable":true,"href":"https:\/\/veggstudio.no\/index.php?rest_route=\/wp\/v2\/media\/88"}],"wp:attachment":[{"href":"https:\/\/veggstudio.no\/index.php?rest_route=%2Fwp%2Fv2%2Fmedia&parent=87"}],"wp:term":[{"taxonomy":"product_cat","embeddable":true,"href":"https:\/\/veggstudio.no\/index.php?rest_route=%2Fwp%2Fv2%2Fproduct_cat&post=87"},{"taxonomy":"product_tag","embeddable":true,"href":"https:\/\/veggstudio.no\/index.php?rest_route=%2Fwp%2Fv2%2Fproduct_tag&post=87"}],"curies":[{"name":"wp","href":"https:\/\/api.w.org\/{rel}","templated":true}]}}