{"id":102,"date":"2024-01-28T00:37:46","date_gmt":"2024-01-27T23:37:46","guid":{"rendered":"http:\/\/veggstudio.no\/?page_id=102"},"modified":"2024-01-28T01:00:38","modified_gmt":"2024-01-28T00:00:38","slug":"dekoracyjne-panele-scienne-przeglad-trendow","status":"publish","type":"page","link":"https:\/\/veggstudio.no\/?page_id=102","title":{"rendered":"Dekoracyjne panele \u015bcienne. Przegl\u0105d trend\u00f3w."},"content":{"rendered":"\n<p>Tu co\u015b napiszemy na temat paneli \u015bciennych i trend\u00f3w panuj\u0105cych w ostatnim czasie na rynku. Dekoracje \u015bcienne przechodza renesans niczym chichot baroku staj\u0105c si\u0119 zaprzeczeniem wiele lat panuj\u0105cego modernizmu i minimalizmu. Pusto\u015bciany w pe\u0142nostanach przyprawia\u0142y o depresj\u0119 daj\u0105c miejsce nowej ods\u0142onie dekorowania \u015bcian. <\/p>\n\n\n\n<figure class=\"wp-block-image aligncenter size-full\"><img fetchpriority=\"high\" decoding=\"async\" width=\"563\" height=\"384\" src=\"http:\/\/veggstudio.no\/wp-content\/uploads\/2024\/01\/46e514af7085c248b5e463ef9dbd6c7c.jpg\" alt=\"\" class=\"wp-image-103\" srcset=\"https:\/\/veggstudio.no\/wp-content\/uploads\/2024\/01\/46e514af7085c248b5e463ef9dbd6c7c.jpg 563w, https:\/\/veggstudio.no\/wp-content\/uploads\/2024\/01\/46e514af7085c248b5e463ef9dbd6c7c-300x205.jpg 300w\" sizes=\"(max-width: 563px) 100vw, 563px\" \/><\/figure>\n\n\n\n<p><br>Najwi\u0119ksze zainteresowanie kumuluje si\u0119 wok\u00f3\u0142 element\u00f3w wykonanych z drewna ale cz\u0119sto do dekorowania \u015bcian stosuje si\u0119 elementy tekstylne, sk\u00f3rzane i metalowe. R\u00f3wnie\u017c inne materia\u0142y jak tworzywa, g\u0105bki i materia\u0142y mineralne znajduj\u0105 uznanie klient\u00f3w i projektant\u00f3w.<\/p>\n\n\n\n<p><\/p>\n\n\n\n<div class=\"wp-block-jetpack-tiled-gallery aligncenter is-style-rectangular\"><div class=\"tiled-gallery__gallery\"><div class=\"tiled-gallery__row\"><div class=\"tiled-gallery__col\" style=\"flex-basis:23.10312%\"><figure class=\"tiled-gallery__item\"><img decoding=\"async\" srcset=\"https:\/\/i0.wp.com\/veggstudio.no\/wp-content\/uploads\/2024\/01\/a5edfec6d21468fe6e87f4fe155052c3-1.jpg?strip=info&#038;w=564 564w\" alt=\"\" data-height=\"960\" data-id=\"99\" data-link=\"http:\/\/veggstudio.no\/?attachment_id=99\" data-url=\"http:\/\/veggstudio.no\/wp-content\/uploads\/2024\/01\/a5edfec6d21468fe6e87f4fe155052c3-1.jpg\" data-width=\"564\" src=\"https:\/\/i0.wp.com\/veggstudio.no\/wp-content\/uploads\/2024\/01\/a5edfec6d21468fe6e87f4fe155052c3-1.jpg\" data-amp-layout=\"responsive\"\/><\/figure><\/div><div class=\"tiled-gallery__col\" style=\"flex-basis:29.47767%\"><figure class=\"tiled-gallery__item\"><img decoding=\"async\" srcset=\"https:\/\/i2.wp.com\/veggstudio.no\/wp-content\/uploads\/2024\/01\/a884394dd57cb0208d0e3c4018791278.jpg?strip=info&#038;w=564 564w\" alt=\"\" data-height=\"752\" data-id=\"96\" data-link=\"http:\/\/veggstudio.no\/?attachment_id=96\" data-url=\"http:\/\/veggstudio.no\/wp-content\/uploads\/2024\/01\/a884394dd57cb0208d0e3c4018791278.jpg\" data-width=\"564\" src=\"https:\/\/i2.wp.com\/veggstudio.no\/wp-content\/uploads\/2024\/01\/a884394dd57cb0208d0e3c4018791278.jpg\" data-amp-layout=\"responsive\"\/><\/figure><\/div><div class=\"tiled-gallery__col\" style=\"flex-basis:24.31609%\"><figure class=\"tiled-gallery__item\"><img decoding=\"async\" srcset=\"https:\/\/i2.wp.com\/veggstudio.no\/wp-content\/uploads\/2024\/01\/e6eb4041564fedf4b73a622244e47985.jpg?strip=info&#038;w=564 564w\" alt=\"\" data-height=\"912\" data-id=\"97\" data-link=\"http:\/\/veggstudio.no\/?attachment_id=97\" data-url=\"http:\/\/veggstudio.no\/wp-content\/uploads\/2024\/01\/e6eb4041564fedf4b73a622244e47985.jpg\" data-width=\"564\" src=\"https:\/\/i2.wp.com\/veggstudio.no\/wp-content\/uploads\/2024\/01\/e6eb4041564fedf4b73a622244e47985.jpg\" data-amp-layout=\"responsive\"\/><\/figure><\/div><div class=\"tiled-gallery__col\" style=\"flex-basis:23.10312%\"><figure class=\"tiled-gallery__item\"><img decoding=\"async\" srcset=\"https:\/\/i0.wp.com\/veggstudio.no\/wp-content\/uploads\/2024\/01\/a4ca509ae82b66e907c51368df162645.jpg?strip=info&#038;w=329 329w\" alt=\"\" data-height=\"560\" data-id=\"85\" data-link=\"http:\/\/veggstudio.no\/?attachment_id=85\" data-url=\"http:\/\/veggstudio.no\/wp-content\/uploads\/2024\/01\/a4ca509ae82b66e907c51368df162645.jpg\" data-width=\"329\" src=\"https:\/\/i0.wp.com\/veggstudio.no\/wp-content\/uploads\/2024\/01\/a4ca509ae82b66e907c51368df162645.jpg\" data-amp-layout=\"responsive\"\/><\/figure><\/div><\/div><div class=\"tiled-gallery__row\"><div class=\"tiled-gallery__col\" style=\"flex-basis:32.95946%\"><figure class=\"tiled-gallery__item\"><img decoding=\"async\" srcset=\"https:\/\/i1.wp.com\/veggstudio.no\/wp-content\/uploads\/2024\/01\/fd7ddd391c4ecf4a3ef6123b706eadc9.jpg?strip=info&#038;w=564 564w\" alt=\"\" data-height=\"564\" data-id=\"83\" data-link=\"http:\/\/veggstudio.no\/?attachment_id=83\" data-url=\"http:\/\/veggstudio.no\/wp-content\/uploads\/2024\/01\/fd7ddd391c4ecf4a3ef6123b706eadc9.jpg\" data-width=\"564\" src=\"https:\/\/i1.wp.com\/veggstudio.no\/wp-content\/uploads\/2024\/01\/fd7ddd391c4ecf4a3ef6123b706eadc9.jpg\" data-amp-layout=\"responsive\"\/><\/figure><\/div><div class=\"tiled-gallery__col\" style=\"flex-basis:20.33720%\"><figure class=\"tiled-gallery__item\"><img decoding=\"async\" srcset=\"https:\/\/i0.wp.com\/veggstudio.no\/wp-content\/uploads\/2024\/01\/12af19dd8de3c43dcc403caffee11761.jpg?strip=info&#038;w=493 493w\" alt=\"\" data-height=\"800\" data-id=\"90\" data-link=\"http:\/\/veggstudio.no\/?attachment_id=90\" data-url=\"http:\/\/veggstudio.no\/wp-content\/uploads\/2024\/01\/12af19dd8de3c43dcc403caffee11761.jpg\" data-width=\"493\" src=\"https:\/\/i0.wp.com\/veggstudio.no\/wp-content\/uploads\/2024\/01\/12af19dd8de3c43dcc403caffee11761.jpg\" data-amp-layout=\"responsive\"\/><\/figure><\/div><div class=\"tiled-gallery__col\" style=\"flex-basis:21.93399%\"><figure class=\"tiled-gallery__item\"><img decoding=\"async\" srcset=\"https:\/\/i2.wp.com\/veggstudio.no\/wp-content\/uploads\/2024\/01\/76fb7cadc73a0d810410615c4d100a98.jpg?strip=info&#038;w=474 474w\" alt=\"\" data-height=\"713\" data-id=\"94\" data-link=\"http:\/\/veggstudio.no\/?attachment_id=94\" data-url=\"http:\/\/veggstudio.no\/wp-content\/uploads\/2024\/01\/76fb7cadc73a0d810410615c4d100a98.jpg\" data-width=\"474\" src=\"https:\/\/i2.wp.com\/veggstudio.no\/wp-content\/uploads\/2024\/01\/76fb7cadc73a0d810410615c4d100a98.jpg\" data-amp-layout=\"responsive\"\/><\/figure><\/div><div class=\"tiled-gallery__col\" style=\"flex-basis:24.76934%\"><figure class=\"tiled-gallery__item\"><img decoding=\"async\" srcset=\"https:\/\/i1.wp.com\/veggstudio.no\/wp-content\/uploads\/2024\/01\/905b355b2be8925d7c2ee34bee01e9f2.jpg?strip=info&#038;w=564 564w\" alt=\"\" data-height=\"751\" data-id=\"95\" data-link=\"http:\/\/veggstudio.no\/?attachment_id=95\" data-url=\"http:\/\/veggstudio.no\/wp-content\/uploads\/2024\/01\/905b355b2be8925d7c2ee34bee01e9f2.jpg\" data-width=\"564\" src=\"https:\/\/i1.wp.com\/veggstudio.no\/wp-content\/uploads\/2024\/01\/905b355b2be8925d7c2ee34bee01e9f2.jpg\" data-amp-layout=\"responsive\"\/><\/figure><\/div><\/div><\/div><\/div>\n\n\n\n<ul class=\"wp-block-social-links is-style-logos-only is-content-justification-center is-layout-flex wp-container-core-social-links-is-layout-a89b3969 wp-block-social-links-is-layout-flex\">\n\n\n\n\n\n<\/ul>\n","protected":false},"excerpt":{"rendered":"<p>Tu co\u015b napiszemy na temat paneli \u015bciennych i trend\u00f3w panuj\u0105cych w ostatnim czasie na rynku. Dekoracje \u015bcienne przechodza renesans niczym chichot baroku staj\u0105c si\u0119 zaprzeczeniem wiele lat panuj\u0105cego modernizmu i minimalizmu. Pusto\u015bciany w pe\u0142nostanach przyprawia\u0142y o depresj\u0119 daj\u0105c miejsce nowej ods\u0142onie dekorowania \u015bcian. Najwi\u0119ksze zainteresowanie kumuluje si\u0119 wok\u00f3\u0142 element\u00f3w wykonanych z drewna ale cz\u0119sto do [&hellip;]<\/p>\n","protected":false},"author":1,"featured_media":103,"parent":0,"menu_order":0,"comment_status":"closed","ping_status":"closed","template":"","meta":{"footnotes":""},"class_list":["post-102","page","type-page","status-publish","has-post-thumbnail","hentry"],"blocksy_meta":[],"jetpack_sharing_enabled":true,"_links":{"self":[{"href":"https:\/\/veggstudio.no\/index.php?rest_route=\/wp\/v2\/pages\/102","targetHints":{"allow":["GET"]}}],"collection":[{"href":"https:\/\/veggstudio.no\/index.php?rest_route=\/wp\/v2\/pages"}],"about":[{"href":"https:\/\/veggstudio.no\/index.php?rest_route=\/wp\/v2\/types\/page"}],"author":[{"embeddable":true,"href":"https:\/\/veggstudio.no\/index.php?rest_route=\/wp\/v2\/users\/1"}],"replies":[{"embeddable":true,"href":"https:\/\/veggstudio.no\/index.php?rest_route=%2Fwp%2Fv2%2Fcomments&post=102"}],"version-history":[{"count":3,"href":"https:\/\/veggstudio.no\/index.php?rest_route=\/wp\/v2\/pages\/102\/revisions"}],"predecessor-version":[{"id":113,"href":"https:\/\/veggstudio.no\/index.php?rest_route=\/wp\/v2\/pages\/102\/revisions\/113"}],"wp:featuredmedia":[{"embeddable":true,"href":"https:\/\/veggstudio.no\/index.php?rest_route=\/wp\/v2\/media\/103"}],"wp:attachment":[{"href":"https:\/\/veggstudio.no\/index.php?rest_route=%2Fwp%2Fv2%2Fmedia&parent=102"}],"curies":[{"name":"wp","href":"https:\/\/api.w.org\/{rel}","templated":true}]}}